{"id":420,"date":"2023-05-11T08:46:00","date_gmt":"2023-05-11T08:46:00","guid":{"rendered":"https:\/\/themeholy.com\/wordpress\/ruffer\/?page_id=420"},"modified":"2026-03-10T11:05:51","modified_gmt":"2026-03-10T10:05:51","slug":"domaines-activites","status":"publish","type":"page","link":"https:\/\/laguillon.fr\/siteweb\/domaines-activites\/","title":{"rendered":"Domaines d&#8217;activit\u00e9s"},"content":{"rendered":"\t\t<div data-elementor-type=\"wp-page\" data-elementor-id=\"420\" class=\"elementor elementor-420\">\n\t\t\t\t\t\t<section class=\"elementor-section elementor-top-section elementor-element elementor-element-f9c603b elementor-section-boxed elementor-section-height-default elementor-section-height-default\" data-id=\"f9c603b\" data-element_type=\"section\" data-e-type=\"section\">\n\t\t\t\t\t\t<div class=\"elementor-container elementor-column-gap-no\">\n\t\t\t\t\t<div class=\"elementor-column elementor-col-100 elementor-top-column elementor-element elementor-element-2e39dae\" data-id=\"2e39dae\" data-element_type=\"column\" data-e-type=\"column\">\n\t\t\t<div class=\"elementor-widget-wrap elementor-element-populated\">\n\t\t\t\t\t\t<section class=\"elementor-section elementor-inner-section elementor-element elementor-element-9daf55e elementor-section-full_width elementor-section-height-default elementor-section-height-default\" data-id=\"9daf55e\" data-element_type=\"section\" data-e-type=\"section\">\n\t\t\t\t\t\t<div class=\"elementor-container elementor-column-gap-default\">\n\t\t\t\t\t<div class=\"elementor-column elementor-col-100 elementor-inner-column elementor-element elementor-element-1cc0284\" data-id=\"1cc0284\" data-element_type=\"column\" data-e-type=\"column\">\n\t\t\t<div class=\"elementor-widget-wrap elementor-element-populated\">\n\t\t\t\t\t\t<div class=\"elementor-element elementor-element-6100398 elementor-widget elementor-widget-rufferservice\" data-id=\"6100398\" data-element_type=\"widget\" data-e-type=\"widget\" data-widget_type=\"rufferservice.default\">\n\t\t\t\t<div class=\"elementor-widget-container\">\n\t\t\t\t\t<div class=\"row gy-30\"><div class=\"col-md-6 col-lg-4\"><div class=\"service-featured\"><div class=\"service-featured_img\"><img decoding=\"async\" src=\"https:\/\/laguillon.fr\/siteweb\/wp-content\/uploads\/2024\/01\/Service-Terrassement.png\" alt=\"service\"><\/div><div class=\"service-featured_content\"><div class=\"service-default-icon\"><img decoding=\"async\" src=\"https:\/\/laguillon.fr\/siteweb\/wp-content\/uploads\/2023\/05\/service-icon-1-1.svg\" alt=\"Icon\"><\/div><h3 class=\"box-title\"><a href=\"\">Terrassement \/ Assainissement<\/a><\/h3><a href=\"\" class=\"link-btn\">Voir nos r\u00e9alisations<i class=\"fa-solid fa-arrow-up-right ms-2\"><\/i><\/a><\/div><\/div><\/div><div class=\"col-md-6 col-lg-4\"><div class=\"service-featured\"><div class=\"service-featured_img\"><img decoding=\"async\" src=\"https:\/\/laguillon.fr\/siteweb\/wp-content\/uploads\/2024\/01\/Service-Maconnerie.png\" alt=\"service\"><\/div><div class=\"service-featured_content\"><div class=\"service-default-icon\"><img decoding=\"async\" src=\"https:\/\/laguillon.fr\/siteweb\/wp-content\/uploads\/2023\/05\/service-icon-1-2.svg\" alt=\"Icon\"><\/div><h3 class=\"box-title\"><a href=\"https:\/\/laguillon.fr\/siteweb\/maconnerie\/\">Ma\u00e7onnerie<\/a><\/h3><a href=\"https:\/\/laguillon.fr\/siteweb\/maconnerie\/\" class=\"link-btn\">En savoir plus<i class=\"fa-solid fa-arrow-up-right ms-2\"><\/i><\/a><\/div><\/div><\/div><div class=\"col-md-6 col-lg-4\"><div class=\"service-featured\"><div class=\"service-featured_img\"><img decoding=\"async\" src=\"https:\/\/laguillon.fr\/siteweb\/wp-content\/uploads\/2024\/08\/Couverture.jpg\" alt=\"service\"><\/div><div class=\"service-featured_content\"><div class=\"service-default-icon\"><img decoding=\"async\" src=\"https:\/\/laguillon.fr\/siteweb\/wp-content\/uploads\/2023\/05\/service-icon-1-4.svg\" alt=\"Icon\"><\/div><h3 class=\"box-title\"><a href=\"https:\/\/laguillon.fr\/siteweb\/couverture-zinguerie\">Couverture \/ Zinguerie<\/a><\/h3><a href=\"https:\/\/laguillon.fr\/siteweb\/couverture-zinguerie\" class=\"link-btn\">En savoir plus<i class=\"fa-solid fa-arrow-up-right ms-2\"><\/i><\/a><\/div><\/div><\/div><div class=\"col-md-6 col-lg-4\"><div class=\"service-featured\"><div class=\"service-featured_img\"><img decoding=\"async\" src=\"https:\/\/laguillon.fr\/siteweb\/wp-content\/uploads\/2024\/01\/Service-Renovation.png\" alt=\"service\"><\/div><div class=\"service-featured_content\"><div class=\"service-default-icon\"><img decoding=\"async\" src=\"https:\/\/laguillon.fr\/siteweb\/wp-content\/uploads\/2023\/05\/service-icon-1-4.svg\" alt=\"Icon\"><\/div><h3 class=\"box-title\"><a href=\"https:\/\/laguillon.fr\/siteweb\/renovation\/\">R\u00e9novation<\/a><\/h3><a href=\"https:\/\/laguillon.fr\/siteweb\/renovation\/\" class=\"link-btn\">En savoir plus<i class=\"fa-solid fa-arrow-up-right ms-2\"><\/i><\/a><\/div><\/div><\/div><div class=\"col-md-6 col-lg-4\"><div class=\"service-featured\"><div class=\"service-featured_img\"><img decoding=\"async\" src=\"https:\/\/laguillon.fr\/siteweb\/wp-content\/uploads\/2024\/01\/Image3.jpg\" alt=\"service\"><\/div><div class=\"service-featured_content\"><div class=\"service-default-icon\"><img decoding=\"async\" src=\"https:\/\/laguillon.fr\/siteweb\/wp-content\/uploads\/2023\/05\/service-icon-1-5.svg\" alt=\"Icon\"><\/div><h3 class=\"box-title\"><a href=\"https:\/\/laguillon.fr\/siteweb\/enduits\/\">Enduits<\/a><\/h3><a href=\"https:\/\/laguillon.fr\/siteweb\/enduits\/\" class=\"link-btn\">En savoir plus<i class=\"fa-solid fa-arrow-up-right ms-2\"><\/i><\/a><\/div><\/div><\/div><div class=\"col-md-6 col-lg-4\"><div class=\"service-featured\"><div class=\"service-featured_img\"><img decoding=\"async\" src=\"https:\/\/laguillon.fr\/siteweb\/wp-content\/uploads\/2024\/01\/Service-Funeraire.png\" alt=\"service\"><\/div><div class=\"service-featured_content\"><div class=\"service-default-icon\"><img decoding=\"async\" src=\"https:\/\/laguillon.fr\/siteweb\/wp-content\/uploads\/2023\/05\/service-icon-1-6.svg\" alt=\"Icon\"><\/div><h3 class=\"box-title\"><a href=\"https:\/\/laguillon.fr\/siteweb\/funeraires\/\">Fun\u00e9raires<\/a><\/h3><a href=\"https:\/\/laguillon.fr\/siteweb\/funeraires\/\" class=\"link-btn\">En savoir plus<i class=\"fa-solid fa-arrow-up-right ms-2\"><\/i><\/a><\/div><\/div><\/div><\/div>\t\t\t\t<\/div>\n\t\t\t\t<\/div>\n\t\t\t\t\t<\/div>\n\t\t<\/div>\n\t\t\t\t\t<\/div>\n\t\t<\/section>\n\t\t\t\t\t<\/div>\n\t\t<\/div>\n\t\t\t\t\t<\/div>\n\t\t<\/section>\n\t\t\t\t<section class=\"elementor-section elementor-top-section elementor-element elementor-element-c104e45 elementor-section-full_width elementor-section-height-default elementor-section-height-default\" data-id=\"c104e45\" data-element_type=\"section\" data-e-type=\"section\" data-settings=\"{&quot;background_background&quot;:&quot;classic&quot;}\">\n\t\t\t\t\t\t<div class=\"elementor-container elementor-column-gap-no\">\n\t\t\t\t\t<div class=\"elementor-column elementor-col-100 elementor-top-column elementor-element elementor-element-fa4e666\" data-id=\"fa4e666\" data-element_type=\"column\" data-e-type=\"column\">\n\t\t\t<div class=\"elementor-widget-wrap elementor-element-populated\">\n\t\t\t\t\t\t<div class=\"elementor-element elementor-element-1e69151 elementor-widget elementor-widget-rufferwcu2\" data-id=\"1e69151\" data-element_type=\"widget\" data-e-type=\"widget\" data-widget_type=\"rufferwcu2.default\">\n\t\t\t\t<div class=\"elementor-widget-container\">\n\t\t\t\t\t<div class=\"why-sec-v3 position-relative space-bottom\"><div class=\"img-half img-right wcu-thumb-3\"><img decoding=\"async\" src=\"https:\/\/laguillon.fr\/siteweb\/wp-content\/uploads\/2023\/12\/Camion-couvreur-scaled.jpg\" alt=\"img\"><\/div><div class=\"container\"><div class=\"row\"><div class=\"col-xxl-7 col-xl-8\"><div class=\"title-area mb-35\"><span class=\"sub-title title-selector\">POURQUOI NOUS CHOISIR ?<\/span><h2 class=\"sec-title text-white subtitle-selector\">Gr\u00e2ce \u00e0 nos exp\u00e9riences, nous pouvons vous proposer des solutions compl\u00e8tes et innovantes.<\/h2><\/div><div class=\"wcu-card-slider th-carousel row g-0\" data-slide-show=\"3\" data-ml-slide-show=\"3\" data-md-slide-show=\"3\" data-sm-slide-show=\"2\" data-dots=\"false\"><div class=\"col-sm-6\"><div class=\"wcu-card-wrap mt-10 bg-white\"><div class=\"wcu-card style3\"><div class=\"wcu-card_icon\"><img decoding=\"async\" src=\"https:\/\/laguillon.fr\/siteweb\/wp-content\/uploads\/2023\/05\/feature-icon2-3.svg\" alt=\"img\"><\/div><div class=\"wcu-card_details\"><h3 class=\"h5 wcu-card_title\"><a href=\"#\">D\u00e9lai de r\u00e9ponse rapide<\/a><\/h3><\/div><\/div><\/div><\/div><div class=\"col-sm-6\"><div class=\"wcu-card-wrap mt-10 bg-white\"><div class=\"wcu-card style3\"><div class=\"wcu-card_icon\"><img decoding=\"async\" src=\"https:\/\/laguillon.fr\/siteweb\/wp-content\/uploads\/2023\/05\/wcu-icon-4-2.svg\" alt=\"img\"><\/div><div class=\"wcu-card_details\"><h3 class=\"h5 wcu-card_title\"><a href=\"#\">Mat\u00e9riaux de qualit\u00e9<\/a><\/h3><\/div><\/div><\/div><\/div><div class=\"col-sm-6\"><div class=\"wcu-card-wrap mt-10 bg-white\"><div class=\"wcu-card style3\"><div class=\"wcu-card_icon\"><img decoding=\"async\" src=\"https:\/\/laguillon.fr\/siteweb\/wp-content\/uploads\/2023\/05\/wcu-icon-4-3.svg\" alt=\"img\"><\/div><div class=\"wcu-card_details\"><h3 class=\"h5 wcu-card_title\"><a href=\"#\">Equipe professionnelle<\/a><\/h3><\/div><\/div><\/div><\/div><\/div><\/div><\/div><\/div><\/div>\t\t\t\t<\/div>\n\t\t\t\t<\/div>\n\t\t\t\t\t<\/div>\n\t\t<\/div>\n\t\t\t\t\t<\/div>\n\t\t<\/section>\n\t\t\t\t<\/div>\n\t\t","protected":false},"excerpt":{"rendered":"<p>Terrassement \/ Assainissement Voir nos r\u00e9alisations Ma\u00e7onnerie En savoir plus Couverture \/ Zinguerie En savoir plus R\u00e9novation En savoir plus Enduits En savoir plus Fun\u00e9raires En savoir plus POURQUOI NOUS CHOISIR ? Gr\u00e2ce \u00e0 nos exp\u00e9riences, nous pouvons vous proposer des solutions compl\u00e8tes et innovantes. D\u00e9lai de r\u00e9ponse rapide Mat\u00e9riaux de qualit\u00e9 Equipe professionnelle<\/p>\n","protected":false},"author":1,"featured_media":0,"parent":0,"menu_order":0,"comment_status":"closed","ping_status":"closed","template":"template-builder.php","meta":{"_monsterinsights_skip_tracking":false,"_monsterinsights_sitenote_active":false,"_monsterinsights_sitenote_note":"","_monsterinsights_sitenote_category":0,"footnotes":""},"class_list":["post-420","page","type-page","status-publish","hentry"],"aioseo_notices":[],"jetpack_sharing_enabled":true,"_links":{"self":[{"href":"https:\/\/laguillon.fr\/siteweb\/wp-json\/wp\/v2\/pages\/420","targetHints":{"allow":["GET"]}}],"collection":[{"href":"https:\/\/laguillon.fr\/siteweb\/wp-json\/wp\/v2\/pages"}],"about":[{"href":"https:\/\/laguillon.fr\/siteweb\/wp-json\/wp\/v2\/types\/page"}],"author":[{"embeddable":true,"href":"https:\/\/laguillon.fr\/siteweb\/wp-json\/wp\/v2\/users\/1"}],"replies":[{"embeddable":true,"href":"https:\/\/laguillon.fr\/siteweb\/wp-json\/wp\/v2\/comments?post=420"}],"version-history":[{"count":155,"href":"https:\/\/laguillon.fr\/siteweb\/wp-json\/wp\/v2\/pages\/420\/revisions"}],"predecessor-version":[{"id":4876,"href":"https:\/\/laguillon.fr\/siteweb\/wp-json\/wp\/v2\/pages\/420\/revisions\/4876"}],"wp:attachment":[{"href":"https:\/\/laguillon.fr\/siteweb\/wp-json\/wp\/v2\/media?parent=420"}],"curies":[{"name":"wp","href":"https:\/\/api.w.org\/{rel}","templated":true}]}}