{"id":3960,"date":"2024-01-06T21:57:10","date_gmt":"2024-01-06T20:57:10","guid":{"rendered":"https:\/\/laguillon.fr\/siteweb\/?page_id=3960"},"modified":"2024-02-13T22:47:51","modified_gmt":"2024-02-13T21:47:51","slug":"funeraires","status":"publish","type":"page","link":"https:\/\/laguillon.fr\/siteweb\/funeraires\/","title":{"rendered":"Fun\u00e9raires"},"content":{"rendered":"\t\t<div data-elementor-type=\"wp-page\" data-elementor-id=\"3960\" class=\"elementor elementor-3960\">\n\t\t\t\t\t\t<section class=\"elementor-section elementor-top-section elementor-element elementor-element-dcc194d elementor-section-boxed elementor-section-height-default elementor-section-height-default\" data-id=\"dcc194d\" data-element_type=\"section\" data-e-type=\"section\">\n\t\t\t\t\t\t<div class=\"elementor-container elementor-column-gap-no\">\n\t\t\t\t\t<div class=\"elementor-column elementor-col-50 elementor-top-column elementor-element elementor-element-a63b05b\" data-id=\"a63b05b\" data-element_type=\"column\" data-e-type=\"column\">\n\t\t\t<div class=\"elementor-widget-wrap elementor-element-populated\">\n\t\t\t\t\t\t<div class=\"elementor-element elementor-element-f15c611 elementor-widget elementor-widget-text-editor\" data-id=\"f15c611\" data-element_type=\"widget\" data-e-type=\"widget\" data-widget_type=\"text-editor.default\">\n\t\t\t\t<div class=\"elementor-widget-container\">\n\t\t\t\t\t\t\t\t\t<h3 class=\"mt-30\"><strong>Fun\u00e9raire<\/strong><\/h3><p>Titulaire de la formation \u00ab porteur, chauffeur, fossoyeur \u00bb, nous assurons l\u2019ouverture et la fermeture de caveaux. La pose de monuments tels que les caveaux monobloc en b\u00e9ton, la pose de cavurne mais aussi les tombes en pleine terre. Nous pouvons faire des habillages en pierre de taille ou en partenariat avec les \u00e9tablissements Rigoulets de P\u00e9rigueux, les habillages en marbre.<\/p><p>Un caveau monobloc est une fosse en b\u00e9ton destin\u00e9e aux s\u00e9pultures des membres d&#8217;une famille &#8220;Caveau de famille&#8221;, enterr\u00e9, semi-enterr\u00e9 ou hors sol, il est install\u00e9 dans un cimeti\u00e8re sur une concession conc\u00e9d\u00e9e par la mairie pour une dur\u00e9e d\u00e9finie.<\/p><p>La cavurne : Ce type de s\u00e9pulture est mat\u00e9rialis\u00e9 par un petit caveau en b\u00e9ton creus\u00e9 en profondeur et con\u00e7u pour accueillir les cendres du d\u00e9funt<\/p><p>Nous r\u00e9alisons \u00e9galement l\u2019am\u00e9nagement de cimeti\u00e8re. (Voir photo ci-contre).<\/p>\t\t\t\t\t\t\t\t<\/div>\n\t\t\t\t<\/div>\n\t\t\t\t\t<\/div>\n\t\t<\/div>\n\t\t\t\t<div class=\"elementor-column elementor-col-50 elementor-top-column elementor-element elementor-element-207528e\" data-id=\"207528e\" data-element_type=\"column\" data-e-type=\"column\">\n\t\t\t<div class=\"elementor-widget-wrap elementor-element-populated\">\n\t\t\t\t\t\t<div class=\"elementor-element elementor-element-233c77e elementor-widget elementor-widget-rufferimage\" data-id=\"233c77e\" data-element_type=\"widget\" data-e-type=\"widget\" data-widget_type=\"rufferimage.default\">\n\t\t\t\t<div class=\"elementor-widget-container\">\n\t\t\t\t\t<!-- Image --><div class=\"custom_css_handelar page-img\"><img decoding=\"async\" class=\"w-100\" src=\"https:\/\/laguillon.fr\/siteweb\/wp-content\/uploads\/2023\/12\/funeraire.png\" alt=\"funeraire\" ><\/div><!-- End Image -->\t\t\t\t<\/div>\n\t\t\t\t<\/div>\n\t\t\t\t<div class=\"elementor-element elementor-element-405ec88 elementor-widget elementor-widget-text-editor\" data-id=\"405ec88\" data-element_type=\"widget\" data-e-type=\"widget\" data-widget_type=\"text-editor.default\">\n\t\t\t\t<div class=\"elementor-widget-container\">\n\t\t\t\t\t\t\t\t\t<p style=\"text-align: center;\"><span style=\"font-weight: bolder; text-align: center;\">R\u00e9alisation d\u2019un colombarium en pierre de taille. Cimeti\u00e8re de St Paul Lizonne (24).<\/span><\/p>\t\t\t\t\t\t\t\t<\/div>\n\t\t\t\t<\/div>\n\t\t\t\t\t<\/div>\n\t\t<\/div>\n\t\t\t\t\t<\/div>\n\t\t<\/section>\n\t\t\t\t<\/div>\n\t\t","protected":false},"excerpt":{"rendered":"<p>Fun\u00e9raire Titulaire de la formation \u00ab porteur, chauffeur, fossoyeur \u00bb, nous assurons l\u2019ouverture et la fermeture de caveaux. La pose de monuments tels que les caveaux monobloc en b\u00e9ton, la pose de cavurne mais aussi les tombes en pleine terre. Nous pouvons faire des habillages en pierre de taille ou en partenariat avec les \u00e9tablissements&#8230;<\/p>\n","protected":false},"author":1,"featured_media":0,"parent":0,"menu_order":0,"comment_status":"closed","ping_status":"closed","template":"template-builder.php","meta":{"_monsterinsights_skip_tracking":false,"_monsterinsights_sitenote_active":false,"_monsterinsights_sitenote_note":"","_monsterinsights_sitenote_category":0,"footnotes":""},"class_list":["post-3960","page","type-page","status-publish","hentry"],"aioseo_notices":[],"jetpack_sharing_enabled":true,"_links":{"self":[{"href":"https:\/\/laguillon.fr\/siteweb\/wp-json\/wp\/v2\/pages\/3960","targetHints":{"allow":["GET"]}}],"collection":[{"href":"https:\/\/laguillon.fr\/siteweb\/wp-json\/wp\/v2\/pages"}],"about":[{"href":"https:\/\/laguillon.fr\/siteweb\/wp-json\/wp\/v2\/types\/page"}],"author":[{"embeddable":true,"href":"https:\/\/laguillon.fr\/siteweb\/wp-json\/wp\/v2\/users\/1"}],"replies":[{"embeddable":true,"href":"https:\/\/laguillon.fr\/siteweb\/wp-json\/wp\/v2\/comments?post=3960"}],"version-history":[{"count":11,"href":"https:\/\/laguillon.fr\/siteweb\/wp-json\/wp\/v2\/pages\/3960\/revisions"}],"predecessor-version":[{"id":4555,"href":"https:\/\/laguillon.fr\/siteweb\/wp-json\/wp\/v2\/pages\/3960\/revisions\/4555"}],"wp:attachment":[{"href":"https:\/\/laguillon.fr\/siteweb\/wp-json\/wp\/v2\/media?parent=3960"}],"curies":[{"name":"wp","href":"https:\/\/api.w.org\/{rel}","templated":true}]}}