{"id":3956,"date":"2024-01-06T21:56:35","date_gmt":"2024-01-06T20:56:35","guid":{"rendered":"https:\/\/laguillon.fr\/siteweb\/?page_id=3956"},"modified":"2024-01-06T22:20:09","modified_gmt":"2024-01-06T21:20:09","slug":"renovation","status":"publish","type":"page","link":"https:\/\/laguillon.fr\/siteweb\/renovation\/","title":{"rendered":"R\u00e9novation"},"content":{"rendered":"\t\t<div data-elementor-type=\"wp-page\" data-elementor-id=\"3956\" class=\"elementor elementor-3956\">\n\t\t\t\t\t\t<section class=\"elementor-section elementor-top-section elementor-element elementor-element-beb5ee8 elementor-section-boxed elementor-section-height-default elementor-section-height-default\" data-id=\"beb5ee8\" data-element_type=\"section\" data-e-type=\"section\">\n\t\t\t\t\t\t<div class=\"elementor-container elementor-column-gap-no\">\n\t\t\t\t\t<div class=\"elementor-column elementor-col-50 elementor-top-column elementor-element elementor-element-ab1f303\" data-id=\"ab1f303\" data-element_type=\"column\" data-e-type=\"column\">\n\t\t\t<div class=\"elementor-widget-wrap elementor-element-populated\">\n\t\t\t\t\t\t<div class=\"elementor-element elementor-element-c80cffb elementor-widget elementor-widget-text-editor\" data-id=\"c80cffb\" data-element_type=\"widget\" data-e-type=\"widget\" data-widget_type=\"text-editor.default\">\n\t\t\t\t<div class=\"elementor-widget-container\">\n\t\t\t\t\t\t\t\t\t<h3 class=\"mt-30\"><strong>R\u00e9novation<\/strong><\/h3><p>Notre domaine d\u2019excellence, notre bi-nome compos\u00e9 de Lionel et Robert avec plus de 20 ans d\u2019exp\u00e9rience \u0153uvre sur tout type de b\u00e2timent.<\/p><p>Nous travaillons essentiellement avec les Carri\u00e8res Constant et Fils de Paussac St Vivien (24) pour la pierre fine et coquill\u00e8re.<\/p><p>Pour la pierre plus dure nous avons recours aux pierres de Marthon (16)<\/p><p>Nous reb\u00e2tissons des ouvrages \u00e0 l\u2019ancienne avec la chaux Pure Blanche de St Astier (24) et des moellons de r\u00e9cup\u00e9ration et pierres de taille. De la simple cr\u00e9ation d\u2019une ouverture de fen\u00eatre \u00e0 la construction totale de b\u00e2timent.<\/p>\t\t\t\t\t\t\t\t<\/div>\n\t\t\t\t<\/div>\n\t\t\t\t\t<\/div>\n\t\t<\/div>\n\t\t\t\t<div class=\"elementor-column elementor-col-50 elementor-top-column elementor-element elementor-element-93d941e\" data-id=\"93d941e\" data-element_type=\"column\" data-e-type=\"column\">\n\t\t\t<div class=\"elementor-widget-wrap elementor-element-populated\">\n\t\t\t\t\t\t<div class=\"elementor-element elementor-element-060a8ab elementor-widget elementor-widget-rufferimage\" data-id=\"060a8ab\" data-element_type=\"widget\" data-e-type=\"widget\" data-widget_type=\"rufferimage.default\">\n\t\t\t\t<div class=\"elementor-widget-container\">\n\t\t\t\t\t<!-- Image --><div class=\"custom_css_handelar page-img\"><img decoding=\"async\" class=\"w-100\" src=\"https:\/\/laguillon.fr\/siteweb\/wp-content\/uploads\/2024\/01\/Renovations-scaled.jpg\" alt=\"Renovations scaled\" ><\/div><!-- End Image -->\t\t\t\t<\/div>\n\t\t\t\t<\/div>\n\t\t\t\t<div class=\"elementor-element elementor-element-d3811a8 elementor-widget elementor-widget-text-editor\" data-id=\"d3811a8\" data-element_type=\"widget\" data-e-type=\"widget\" data-widget_type=\"text-editor.default\">\n\t\t\t\t<div class=\"elementor-widget-container\">\n\t\t\t\t\t\t\t\t\t<p style=\"text-align: center;\"><strong>Remonter un pignon d\u2019habitation tomb\u00e9e maison d\u2019habitation (24)<\/strong><\/p>\t\t\t\t\t\t\t\t<\/div>\n\t\t\t\t<\/div>\n\t\t\t\t\t<\/div>\n\t\t<\/div>\n\t\t\t\t\t<\/div>\n\t\t<\/section>\n\t\t\t\t<\/div>\n\t\t","protected":false},"excerpt":{"rendered":"<p>R\u00e9novation Notre domaine d\u2019excellence, notre bi-nome compos\u00e9 de Lionel et Robert avec plus de 20 ans d\u2019exp\u00e9rience \u0153uvre sur tout type de b\u00e2timent. Nous travaillons essentiellement avec les Carri\u00e8res Constant et Fils de Paussac St Vivien (24) pour la pierre fine et coquill\u00e8re. Pour la pierre plus dure nous avons recours aux pierres de Marthon&#8230;<\/p>\n","protected":false},"author":1,"featured_media":0,"parent":0,"menu_order":0,"comment_status":"closed","ping_status":"closed","template":"template-builder.php","meta":{"_monsterinsights_skip_tracking":false,"_monsterinsights_sitenote_active":false,"_monsterinsights_sitenote_note":"","_monsterinsights_sitenote_category":0,"footnotes":""},"class_list":["post-3956","page","type-page","status-publish","hentry"],"aioseo_notices":[],"jetpack_sharing_enabled":true,"_links":{"self":[{"href":"https:\/\/laguillon.fr\/siteweb\/wp-json\/wp\/v2\/pages\/3956","targetHints":{"allow":["GET"]}}],"collection":[{"href":"https:\/\/laguillon.fr\/siteweb\/wp-json\/wp\/v2\/pages"}],"about":[{"href":"https:\/\/laguillon.fr\/siteweb\/wp-json\/wp\/v2\/types\/page"}],"author":[{"embeddable":true,"href":"https:\/\/laguillon.fr\/siteweb\/wp-json\/wp\/v2\/users\/1"}],"replies":[{"embeddable":true,"href":"https:\/\/laguillon.fr\/siteweb\/wp-json\/wp\/v2\/comments?post=3956"}],"version-history":[{"count":7,"href":"https:\/\/laguillon.fr\/siteweb\/wp-json\/wp\/v2\/pages\/3956\/revisions"}],"predecessor-version":[{"id":3982,"href":"https:\/\/laguillon.fr\/siteweb\/wp-json\/wp\/v2\/pages\/3956\/revisions\/3982"}],"wp:attachment":[{"href":"https:\/\/laguillon.fr\/siteweb\/wp-json\/wp\/v2\/media?parent=3956"}],"curies":[{"name":"wp","href":"https:\/\/api.w.org\/{rel}","templated":true}]}}