{"id":3954,"date":"2024-01-06T21:56:16","date_gmt":"2024-01-06T20:56:16","guid":{"rendered":"https:\/\/laguillon.fr\/siteweb\/?page_id=3954"},"modified":"2024-02-14T09:20:41","modified_gmt":"2024-02-14T08:20:41","slug":"couverture-zinguerie","status":"publish","type":"page","link":"https:\/\/laguillon.fr\/siteweb\/couverture-zinguerie\/","title":{"rendered":"Couverture \/ Zinguerie"},"content":{"rendered":"\t\t<div data-elementor-type=\"wp-page\" data-elementor-id=\"3954\" class=\"elementor elementor-3954\">\n\t\t\t\t\t\t<section class=\"elementor-section elementor-top-section elementor-element elementor-element-f22d8e2 elementor-section-boxed elementor-section-height-default elementor-section-height-default\" data-id=\"f22d8e2\" data-element_type=\"section\" data-e-type=\"section\">\n\t\t\t\t\t\t<div class=\"elementor-container elementor-column-gap-no\">\n\t\t\t\t\t<div class=\"elementor-column elementor-col-50 elementor-top-column elementor-element elementor-element-31cc715\" data-id=\"31cc715\" data-element_type=\"column\" data-e-type=\"column\">\n\t\t\t<div class=\"elementor-widget-wrap elementor-element-populated\">\n\t\t\t\t\t\t<div class=\"elementor-element elementor-element-dd2c083 elementor-widget elementor-widget-text-editor\" data-id=\"dd2c083\" data-element_type=\"widget\" data-e-type=\"widget\" data-widget_type=\"text-editor.default\">\n\t\t\t\t<div class=\"elementor-widget-container\">\n\t\t\t\t\t\t\t\t\t<h3 class=\"mt-30\"><strong>Couverture \/ Zinguerie<\/strong><\/h3><p>Notre \u00e9quipe compos\u00e9e de 3 personnes assure aussi bien des travaux de r\u00e9paration, de remplacement partiel ou de r\u00e9fection totale de vos couvertures !<br \/><br \/>Nous utilisons de la tuile m\u00e9canique produite localement \u00e0 Roumazi\u00e8re comme la Romane Canal Castel de chez T\u00e9rr\u00e9al particuli\u00e8rement int\u00e9gr\u00e9e dans notre paysage mais aussi la Canal S paysage de chez Edilians pris\u00e9e de plus en plus sur le b\u00e2ti ancien.<br \/><br \/>Avec la tuile de r\u00e9cup\u00e9ration type canal, nous pouvons reproduire un aspect ancien tout en ayant une parfaite \u00e9tanch\u00e9it\u00e9 gr\u00e2ce \u00e0 la pose d\u2019un \u00e9cran sous toiture et l\u2019utilisation de tuiles neuves pour les courants comme la Girondine en 55 de chez Im\u00e9rys.<br \/><br \/>Nous r\u00e9alisons \u00e9galement tous types de travaux de zinguerie comme la goutti\u00e8re et descente d\u2019eaux pluviales, les ch\u00e9neaux, les couloirs en zinc, les entourages de lucarne, les entourages de souche de chemin\u00e9e etc&#8230; Toutes ces pi\u00e8ces en zinc peuvent \u00eatre aussi bien r\u00e9alis\u00e9es en cuivre comme vous pouvez le voir sur la biblioth\u00e8que de photos.<br \/><br \/>Nous pouvons \u00e9galement remplacer des ouvertures de toit type v\u00e9lux sous diff\u00e9rent format ou en faire la cr\u00e9ation pour gagner en luminosit\u00e9 et confort.<\/p>\t\t\t\t\t\t\t\t<\/div>\n\t\t\t\t<\/div>\n\t\t\t\t\t<\/div>\n\t\t<\/div>\n\t\t\t\t<div class=\"elementor-column elementor-col-50 elementor-top-column elementor-element elementor-element-57e0457\" data-id=\"57e0457\" data-element_type=\"column\" data-e-type=\"column\">\n\t\t\t<div class=\"elementor-widget-wrap elementor-element-populated\">\n\t\t\t\t\t\t<div class=\"elementor-element elementor-element-be45926 elementor-widget elementor-widget-rufferimage\" data-id=\"be45926\" data-element_type=\"widget\" data-e-type=\"widget\" data-widget_type=\"rufferimage.default\">\n\t\t\t\t<div class=\"elementor-widget-container\">\n\t\t\t\t\t<!-- Image --><div class=\"custom_css_handelar page-img\"><img decoding=\"async\" class=\"w-100\" src=\"https:\/\/laguillon.fr\/siteweb\/wp-content\/uploads\/2024\/02\/IMG_2846.png\" alt=\"IMG_2846\" ><\/div><!-- End Image -->\t\t\t\t<\/div>\n\t\t\t\t<\/div>\n\t\t\t\t\t<\/div>\n\t\t<\/div>\n\t\t\t\t\t<\/div>\n\t\t<\/section>\n\t\t\t\t<\/div>\n\t\t","protected":false},"excerpt":{"rendered":"<p>Couverture \/ Zinguerie Notre \u00e9quipe compos\u00e9e de 3 personnes assure aussi bien des travaux de r\u00e9paration, de remplacement partiel ou de r\u00e9fection totale de vos couvertures ! Nous utilisons de la tuile m\u00e9canique produite localement \u00e0 Roumazi\u00e8re comme la Romane Canal Castel de chez T\u00e9rr\u00e9al particuli\u00e8rement int\u00e9gr\u00e9e dans notre paysage mais aussi la Canal S&#8230;<\/p>\n","protected":false},"author":1,"featured_media":0,"parent":0,"menu_order":0,"comment_status":"closed","ping_status":"closed","template":"template-builder.php","meta":{"_monsterinsights_skip_tracking":false,"_monsterinsights_sitenote_active":false,"_monsterinsights_sitenote_note":"","_monsterinsights_sitenote_category":0,"footnotes":""},"class_list":["post-3954","page","type-page","status-publish","hentry"],"aioseo_notices":[],"jetpack_sharing_enabled":true,"_links":{"self":[{"href":"https:\/\/laguillon.fr\/siteweb\/wp-json\/wp\/v2\/pages\/3954","targetHints":{"allow":["GET"]}}],"collection":[{"href":"https:\/\/laguillon.fr\/siteweb\/wp-json\/wp\/v2\/pages"}],"about":[{"href":"https:\/\/laguillon.fr\/siteweb\/wp-json\/wp\/v2\/types\/page"}],"author":[{"embeddable":true,"href":"https:\/\/laguillon.fr\/siteweb\/wp-json\/wp\/v2\/users\/1"}],"replies":[{"embeddable":true,"href":"https:\/\/laguillon.fr\/siteweb\/wp-json\/wp\/v2\/comments?post=3954"}],"version-history":[{"count":23,"href":"https:\/\/laguillon.fr\/siteweb\/wp-json\/wp\/v2\/pages\/3954\/revisions"}],"predecessor-version":[{"id":4565,"href":"https:\/\/laguillon.fr\/siteweb\/wp-json\/wp\/v2\/pages\/3954\/revisions\/4565"}],"wp:attachment":[{"href":"https:\/\/laguillon.fr\/siteweb\/wp-json\/wp\/v2\/media?parent=3954"}],"curies":[{"name":"wp","href":"https:\/\/api.w.org\/{rel}","templated":true}]}}