{"id":3952,"date":"2024-01-06T21:56:02","date_gmt":"2024-01-06T20:56:02","guid":{"rendered":"https:\/\/laguillon.fr\/siteweb\/?page_id=3952"},"modified":"2024-02-13T22:45:47","modified_gmt":"2024-02-13T21:45:47","slug":"maconnerie","status":"publish","type":"page","link":"https:\/\/laguillon.fr\/siteweb\/maconnerie\/","title":{"rendered":"Ma\u00e7onnerie"},"content":{"rendered":"\t\t<div data-elementor-type=\"wp-page\" data-elementor-id=\"3952\" class=\"elementor elementor-3952\">\n\t\t\t\t\t\t<section class=\"elementor-section elementor-top-section elementor-element elementor-element-aede869 elementor-section-boxed elementor-section-height-default elementor-section-height-default\" data-id=\"aede869\" data-element_type=\"section\" data-e-type=\"section\">\n\t\t\t\t\t\t<div class=\"elementor-container elementor-column-gap-no\">\n\t\t\t\t\t<div class=\"elementor-column elementor-col-50 elementor-top-column elementor-element elementor-element-5d0f4b7\" data-id=\"5d0f4b7\" data-element_type=\"column\" data-e-type=\"column\">\n\t\t\t<div class=\"elementor-widget-wrap elementor-element-populated\">\n\t\t\t\t\t\t<div class=\"elementor-element elementor-element-55fcc54 elementor-widget elementor-widget-text-editor\" data-id=\"55fcc54\" data-element_type=\"widget\" data-e-type=\"widget\" data-widget_type=\"text-editor.default\">\n\t\t\t\t<div class=\"elementor-widget-container\">\n\t\t\t\t\t\t\t\t\t<h3 class=\"mt-30\"><strong>Ma\u00e7onnerie<\/strong><\/h3><p>De la ma\u00e7onnerie classique \u00e0 l\u2019ouvrage plus complexe, notre \u00e9quipe est capable d\u2019utiliser des techniques traditionnelles mais reste \u00e0 l\u2019\u00e9coute des nouveaut\u00e9s comme la pose de briques \u00e0 coller \u00e0 la mousse. En partenariat avec nos fournisseurs, nous nous formons r\u00e9guli\u00e8rement aux nouvelles techniques de pose mais aussi aux nouveaux produits.<\/p><p>Nous r\u00e9alisons \u00e9galement des ouvrages b\u00e9ton pour les structures d\u2019hangar soumis \u00e0 bureaux d\u2019\u00e9tudes, intervention sur diff\u00e9rents sites industriels (24 et 16).<\/p>\t\t\t\t\t\t\t\t<\/div>\n\t\t\t\t<\/div>\n\t\t\t\t\t<\/div>\n\t\t<\/div>\n\t\t\t\t<div class=\"elementor-column elementor-col-50 elementor-top-column elementor-element elementor-element-ca23158\" data-id=\"ca23158\" data-element_type=\"column\" data-e-type=\"column\">\n\t\t\t<div class=\"elementor-widget-wrap elementor-element-populated\">\n\t\t\t\t\t\t<div class=\"elementor-element elementor-element-98d0d60 elementor-widget elementor-widget-rufferimage\" data-id=\"98d0d60\" data-element_type=\"widget\" data-e-type=\"widget\" data-widget_type=\"rufferimage.default\">\n\t\t\t\t<div class=\"elementor-widget-container\">\n\t\t\t\t\t<!-- Image --><div class=\"custom_css_handelar page-img\"><img decoding=\"async\" class=\"w-100\" src=\"https:\/\/laguillon.fr\/siteweb\/wp-content\/uploads\/2024\/01\/Service-Maconnerie.png\" alt=\"Service Maconnerie\" ><\/div><!-- End Image -->\t\t\t\t<\/div>\n\t\t\t\t<\/div>\n\t\t\t\t<div class=\"elementor-element elementor-element-b79393c elementor-widget elementor-widget-text-editor\" data-id=\"b79393c\" data-element_type=\"widget\" data-e-type=\"widget\" data-widget_type=\"text-editor.default\">\n\t\t\t\t<div class=\"elementor-widget-container\">\n\t\t\t\t\t\t\t\t\t<p style=\"text-align: center;\"><strong>Construction d\u2019une maison neuve (24) : briques Calibric One \u00e0 coller<\/strong><\/p>\t\t\t\t\t\t\t\t<\/div>\n\t\t\t\t<\/div>\n\t\t\t\t\t<\/div>\n\t\t<\/div>\n\t\t\t\t\t<\/div>\n\t\t<\/section>\n\t\t\t\t<\/div>\n\t\t","protected":false},"excerpt":{"rendered":"<p>Ma\u00e7onnerie De la ma\u00e7onnerie classique \u00e0 l\u2019ouvrage plus complexe, notre \u00e9quipe est capable d\u2019utiliser des techniques traditionnelles mais reste \u00e0 l\u2019\u00e9coute des nouveaut\u00e9s comme la pose de briques \u00e0 coller \u00e0 la mousse. En partenariat avec nos fournisseurs, nous nous formons r\u00e9guli\u00e8rement aux nouvelles techniques de pose mais aussi aux nouveaux produits. Nous r\u00e9alisons \u00e9galement&#8230;<\/p>\n","protected":false},"author":1,"featured_media":0,"parent":0,"menu_order":0,"comment_status":"closed","ping_status":"closed","template":"template-builder.php","meta":{"_monsterinsights_skip_tracking":false,"_monsterinsights_sitenote_active":false,"_monsterinsights_sitenote_note":"","_monsterinsights_sitenote_category":0,"footnotes":""},"class_list":["post-3952","page","type-page","status-publish","hentry"],"aioseo_notices":[],"jetpack_sharing_enabled":true,"_links":{"self":[{"href":"https:\/\/laguillon.fr\/siteweb\/wp-json\/wp\/v2\/pages\/3952","targetHints":{"allow":["GET"]}}],"collection":[{"href":"https:\/\/laguillon.fr\/siteweb\/wp-json\/wp\/v2\/pages"}],"about":[{"href":"https:\/\/laguillon.fr\/siteweb\/wp-json\/wp\/v2\/types\/page"}],"author":[{"embeddable":true,"href":"https:\/\/laguillon.fr\/siteweb\/wp-json\/wp\/v2\/users\/1"}],"replies":[{"embeddable":true,"href":"https:\/\/laguillon.fr\/siteweb\/wp-json\/wp\/v2\/comments?post=3952"}],"version-history":[{"count":22,"href":"https:\/\/laguillon.fr\/siteweb\/wp-json\/wp\/v2\/pages\/3952\/revisions"}],"predecessor-version":[{"id":4543,"href":"https:\/\/laguillon.fr\/siteweb\/wp-json\/wp\/v2\/pages\/3952\/revisions\/4543"}],"wp:attachment":[{"href":"https:\/\/laguillon.fr\/siteweb\/wp-json\/wp\/v2\/media?parent=3952"}],"curies":[{"name":"wp","href":"https:\/\/api.w.org\/{rel}","templated":true}]}}