{"id":20,"date":"2023-05-07T03:50:53","date_gmt":"2023-05-07T03:50:53","guid":{"rendered":"https:\/\/themeholy.com\/wordpress\/ruffer\/?page_id=20"},"modified":"2026-02-09T11:28:53","modified_gmt":"2026-02-09T10:28:53","slug":"home-three","status":"publish","type":"page","link":"https:\/\/laguillon.fr\/siteweb\/","title":{"rendered":"Accueil"},"content":{"rendered":"\t\t<div data-elementor-type=\"wp-page\" data-elementor-id=\"20\" class=\"elementor elementor-20\">\n\t\t\t\t\t\t<section class=\"elementor-section elementor-top-section elementor-element elementor-element-4289aef elementor-section-full_width elementor-section-height-default elementor-section-height-default\" data-id=\"4289aef\" data-element_type=\"section\" data-e-type=\"section\">\n\t\t\t\t\t\t<div class=\"elementor-container elementor-column-gap-no\">\n\t\t\t\t\t<div class=\"elementor-column elementor-col-100 elementor-top-column elementor-element elementor-element-d8269b9\" data-id=\"d8269b9\" data-element_type=\"column\" data-e-type=\"column\">\n\t\t\t<div class=\"elementor-widget-wrap elementor-element-populated\">\n\t\t\t\t\t\t\t<\/div>\n\t\t<\/div>\n\t\t\t\t\t<\/div>\n\t\t<\/section>\n\t\t\t\t<section class=\"elementor-section elementor-top-section elementor-element elementor-element-328c261 elementor-section-boxed elementor-section-height-default elementor-section-height-default\" data-id=\"328c261\" data-element_type=\"section\" data-e-type=\"section\">\n\t\t\t\t\t\t<div class=\"elementor-container elementor-column-gap-no\">\n\t\t\t\t\t<div class=\"elementor-column elementor-col-100 elementor-top-column elementor-element elementor-element-39c6a2f\" data-id=\"39c6a2f\" data-element_type=\"column\" data-e-type=\"column\">\n\t\t\t<div class=\"elementor-widget-wrap elementor-element-populated\">\n\t\t\t\t\t\t<section class=\"elementor-section elementor-inner-section elementor-element elementor-element-d2665d2 elementor-section-full_width elementor-section-height-default elementor-section-height-default\" data-id=\"d2665d2\" data-element_type=\"section\" data-e-type=\"section\">\n\t\t\t\t\t\t<div class=\"elementor-container elementor-column-gap-no\">\n\t\t\t\t\t<div class=\"elementor-column elementor-col-100 elementor-inner-column elementor-element elementor-element-24211dc\" data-id=\"24211dc\" data-element_type=\"column\" data-e-type=\"column\">\n\t\t\t<div class=\"elementor-widget-wrap elementor-element-populated\">\n\t\t\t\t\t\t<div class=\"elementor-element elementor-element-f5f201f elementor-widget elementor-widget-rufferservice\" data-id=\"f5f201f\" data-element_type=\"widget\" data-e-type=\"widget\" data-widget_type=\"rufferservice.default\">\n\t\t\t\t<div class=\"elementor-widget-container\">\n\t\t\t\t\t<div class=\"row slider-shadow th-carousel service-slider3\" data-slide-show=\"3\" data-lg-slide-show=\"3\" data-md-slide-show=\"2\" data-sm-slide-show=\"1\"><div class=\"col-md-6 col-lg-4\"><div class=\"service-box\"><div class=\"service-bg-shape\"><img decoding=\"async\" src=\"https:\/\/laguillon.fr\/siteweb\/wp-content\/uploads\/2023\/05\/service_box_shape1-1.png\" alt=\"img\"><\/div><div class=\"service-box_content\"><div class=\"service-default-icon\"><img decoding=\"async\" src=\"https:\/\/laguillon.fr\/siteweb\/wp-content\/uploads\/2023\/05\/counter_3_2.svg\" alt=\"Icon\"><\/div><h3 class=\"box-title\"><a href=\"\">+ de 32 ans d\u2019exp\u00e9rience<\/a><\/h3><p class=\"service-box_text\">Notre entreprise familiale de BTP met tout en \u0153uvre pour satisfaire notre client\u00e8le.<\/p><\/div><\/div><\/div><div class=\"col-md-6 col-lg-4\"><div class=\"service-box\"><div class=\"service-bg-shape\"><img decoding=\"async\" src=\"https:\/\/laguillon.fr\/siteweb\/wp-content\/uploads\/2023\/05\/service_box_shape1-1.png\" alt=\"img\"><\/div><div class=\"service-box_content\"><div class=\"service-default-icon\"><img decoding=\"async\" src=\"https:\/\/laguillon.fr\/siteweb\/wp-content\/uploads\/2023\/05\/counter_3_3.svg\" alt=\"Icon\"><\/div><h3 class=\"box-title\"><a href=\"\">Savoir faire in\u00e9gal\u00e9<\/a><\/h3><p class=\"service-box_text\">1\u00e8re   entreprise de Dordogne \u00e0 avoir utilis\u00e9 la brique dite \u00ab Monomur \u00bb - performantes pour l&#039;isolation.<\/p><\/div><\/div><\/div><div class=\"col-md-6 col-lg-4\"><div class=\"service-box\"><div class=\"service-bg-shape\"><img decoding=\"async\" src=\"https:\/\/laguillon.fr\/siteweb\/wp-content\/uploads\/2023\/05\/service_box_shape1-1.png\" alt=\"img\"><\/div><div class=\"service-box_content\"><div class=\"service-default-icon\"><img decoding=\"async\" src=\"https:\/\/laguillon.fr\/siteweb\/wp-content\/uploads\/2023\/05\/service-icon-1-5.svg\" alt=\"Icon\"><\/div><h3 class=\"box-title\"><a href=\"\">Solutions cl\u00e9 en main<\/a><\/h3><p class=\"service-box_text\">Nous travaillons en partenariat avec des entreprises locales pour offrir des solutions cl\u00e9 en main \u00e0 nos clients.<\/p><\/div><\/div><\/div><\/div>\t\t\t\t<\/div>\n\t\t\t\t<\/div>\n\t\t\t\t\t<\/div>\n\t\t<\/div>\n\t\t\t\t\t<\/div>\n\t\t<\/section>\n\t\t\t\t\t<\/div>\n\t\t<\/div>\n\t\t\t\t\t<\/div>\n\t\t<\/section>\n\t\t\t\t<section class=\"elementor-section elementor-top-section elementor-element elementor-element-ae84fc1 elementor-section-full_width elementor-section-height-default elementor-section-height-default\" data-id=\"ae84fc1\" data-element_type=\"section\" data-e-type=\"section\" data-settings=\"{&quot;background_background&quot;:&quot;classic&quot;}\">\n\t\t\t\t\t\t<div class=\"elementor-container elementor-column-gap-no\">\n\t\t\t\t\t<div class=\"elementor-column elementor-col-100 elementor-top-column elementor-element elementor-element-c938708\" data-id=\"c938708\" data-element_type=\"column\" data-e-type=\"column\">\n\t\t\t<div class=\"elementor-widget-wrap\">\n\t\t\t\t\t\t\t<\/div>\n\t\t<\/div>\n\t\t\t\t\t<\/div>\n\t\t<\/section>\n\t\t\t\t<section class=\"elementor-section elementor-top-section elementor-element elementor-element-e618099 elementor-section-boxed elementor-section-height-default elementor-section-height-default\" data-id=\"e618099\" data-element_type=\"section\" data-e-type=\"section\" data-settings=\"{&quot;background_background&quot;:&quot;classic&quot;}\">\n\t\t\t\t\t\t<div class=\"elementor-container elementor-column-gap-no\">\n\t\t\t\t\t<div class=\"elementor-column elementor-col-100 elementor-top-column elementor-element elementor-element-6bd659a\" data-id=\"6bd659a\" data-element_type=\"column\" data-e-type=\"column\">\n\t\t\t<div class=\"elementor-widget-wrap elementor-element-populated\">\n\t\t\t\t\t\t<section class=\"elementor-section elementor-inner-section elementor-element elementor-element-d5c1189 elementor-section-full_width elementor-section-height-default elementor-section-height-default\" data-id=\"d5c1189\" data-element_type=\"section\" data-e-type=\"section\">\n\t\t\t\t\t\t<div class=\"elementor-container elementor-column-gap-no\">\n\t\t\t\t\t<div class=\"elementor-column elementor-col-100 elementor-inner-column elementor-element elementor-element-9657368\" data-id=\"9657368\" data-element_type=\"column\" data-e-type=\"column\">\n\t\t\t<div class=\"elementor-widget-wrap elementor-element-populated\">\n\t\t\t\t\t\t<div class=\"elementor-element elementor-element-e7a12bb elementor-widget elementor-widget-ruffersectiontitle\" data-id=\"e7a12bb\" data-element_type=\"widget\" data-e-type=\"widget\" data-widget_type=\"ruffersectiontitle.default\">\n\t\t\t\t<div class=\"elementor-widget-container\">\n\t\t\t\t\t<div class=\"title-area-wrap\"><div class=\"title-area\" ><span class=\"sub-title subtitle-selector\">NOS SERVICES<\/span><h2 class=\"sec-title title-selector\">Des services de qualit\u00e9<\/h2><\/div><\/div>\t\t\t\t<\/div>\n\t\t\t\t<\/div>\n\t\t\t\t<div class=\"elementor-element elementor-element-581b736 elementor-widget elementor-widget-rufferservice\" data-id=\"581b736\" data-element_type=\"widget\" data-e-type=\"widget\" data-widget_type=\"rufferservice.default\">\n\t\t\t\t<div class=\"elementor-widget-container\">\n\t\t\t\t\t<div class=\"row gy-30\"><div class=\"col-md-6 col-lg-4\"><div class=\"service-featured\"><div class=\"service-featured_img\"><img decoding=\"async\" src=\"https:\/\/laguillon.fr\/siteweb\/wp-content\/uploads\/2024\/01\/Service-Terrassement.png\" alt=\"service\"><\/div><div class=\"service-featured_content\"><div class=\"service-default-icon\"><img decoding=\"async\" src=\"https:\/\/laguillon.fr\/siteweb\/wp-content\/uploads\/2023\/05\/service-icon-1-1.svg\" alt=\"Icon\"><\/div><h3 class=\"box-title\"><a href=\"\">Terrassement \/ Assainissement<\/a><\/h3><a href=\"\" class=\"link-btn\">Voir nos r\u00e9alisations<i class=\"fa-solid fa-arrow-up-right ms-2\"><\/i><\/a><\/div><\/div><\/div><div class=\"col-md-6 col-lg-4\"><div class=\"service-featured\"><div class=\"service-featured_img\"><img decoding=\"async\" src=\"https:\/\/laguillon.fr\/siteweb\/wp-content\/uploads\/2024\/01\/Service-Maconnerie.png\" alt=\"service\"><\/div><div class=\"service-featured_content\"><div class=\"service-default-icon\"><img decoding=\"async\" src=\"https:\/\/laguillon.fr\/siteweb\/wp-content\/uploads\/2023\/05\/service-icon-1-2.svg\" alt=\"Icon\"><\/div><h3 class=\"box-title\"><a href=\"https:\/\/laguillon.fr\/siteweb\/maconnerie\/\">Ma\u00e7onnerie<\/a><\/h3><a href=\"https:\/\/laguillon.fr\/siteweb\/maconnerie\/\" class=\"link-btn\">En savoir plus<i class=\"fa-solid fa-arrow-up-right ms-2\"><\/i><\/a><\/div><\/div><\/div><div class=\"col-md-6 col-lg-4\"><div class=\"service-featured\"><div class=\"service-featured_img\"><img decoding=\"async\" src=\"https:\/\/laguillon.fr\/siteweb\/wp-content\/uploads\/2024\/08\/Couverture.jpg\" alt=\"service\"><\/div><div class=\"service-featured_content\"><div class=\"service-default-icon\"><img decoding=\"async\" src=\"https:\/\/laguillon.fr\/siteweb\/wp-content\/uploads\/2023\/05\/service-icon-1-4.svg\" alt=\"Icon\"><\/div><h3 class=\"box-title\"><a href=\"https:\/\/laguillon.fr\/siteweb\/couverture-zinguerie\">Couverture \/ Zinguerie<\/a><\/h3><a href=\"https:\/\/laguillon.fr\/siteweb\/couverture-zinguerie\" class=\"link-btn\">En savoir plus<i class=\"fa-solid fa-arrow-up-right ms-2\"><\/i><\/a><\/div><\/div><\/div><div class=\"col-md-6 col-lg-4\"><div class=\"service-featured\"><div class=\"service-featured_img\"><img decoding=\"async\" src=\"https:\/\/laguillon.fr\/siteweb\/wp-content\/uploads\/2024\/01\/Service-Renovation.png\" alt=\"service\"><\/div><div class=\"service-featured_content\"><div class=\"service-default-icon\"><img decoding=\"async\" src=\"https:\/\/laguillon.fr\/siteweb\/wp-content\/uploads\/2023\/05\/service-icon-1-4.svg\" alt=\"Icon\"><\/div><h3 class=\"box-title\"><a href=\"https:\/\/laguillon.fr\/siteweb\/renovation\/\">R\u00e9novation<\/a><\/h3><a href=\"https:\/\/laguillon.fr\/siteweb\/renovation\/\" class=\"link-btn\">En savoir plus<i class=\"fa-solid fa-arrow-up-right ms-2\"><\/i><\/a><\/div><\/div><\/div><div class=\"col-md-6 col-lg-4\"><div class=\"service-featured\"><div class=\"service-featured_img\"><img decoding=\"async\" src=\"https:\/\/laguillon.fr\/siteweb\/wp-content\/uploads\/2024\/01\/Image3.jpg\" alt=\"service\"><\/div><div class=\"service-featured_content\"><div class=\"service-default-icon\"><img decoding=\"async\" src=\"https:\/\/laguillon.fr\/siteweb\/wp-content\/uploads\/2023\/05\/service-icon-1-5.svg\" alt=\"Icon\"><\/div><h3 class=\"box-title\"><a href=\"https:\/\/laguillon.fr\/siteweb\/enduits\/\">Enduits<\/a><\/h3><a href=\"https:\/\/laguillon.fr\/siteweb\/enduits\/\" class=\"link-btn\">En savoir plus<i class=\"fa-solid fa-arrow-up-right ms-2\"><\/i><\/a><\/div><\/div><\/div><div class=\"col-md-6 col-lg-4\"><div class=\"service-featured\"><div class=\"service-featured_img\"><img decoding=\"async\" src=\"https:\/\/laguillon.fr\/siteweb\/wp-content\/uploads\/2024\/01\/Service-Funeraire.png\" alt=\"service\"><\/div><div class=\"service-featured_content\"><div class=\"service-default-icon\"><img decoding=\"async\" src=\"https:\/\/laguillon.fr\/siteweb\/wp-content\/uploads\/2023\/05\/service-icon-1-6.svg\" alt=\"Icon\"><\/div><h3 class=\"box-title\"><a href=\"https:\/\/laguillon.fr\/siteweb\/funeraires\/\">Fun\u00e9raires<\/a><\/h3><a href=\"https:\/\/laguillon.fr\/siteweb\/funeraires\/\" class=\"link-btn\">En savoir plus<i class=\"fa-solid fa-arrow-up-right ms-2\"><\/i><\/a><\/div><\/div><\/div><\/div>\t\t\t\t<\/div>\n\t\t\t\t<\/div>\n\t\t\t\t\t<\/div>\n\t\t<\/div>\n\t\t\t\t\t<\/div>\n\t\t<\/section>\n\t\t\t\t\t<\/div>\n\t\t<\/div>\n\t\t\t\t\t<\/div>\n\t\t<\/section>\n\t\t\t\t<section class=\"elementor-section elementor-top-section elementor-element elementor-element-dcc28b8 footer-layout2 elementor-section-boxed elementor-section-height-default elementor-section-height-default\" data-id=\"dcc28b8\" data-element_type=\"section\" data-e-type=\"section\" data-settings=\"{&quot;background_background&quot;:&quot;classic&quot;}\">\n\t\t\t\t\t\t<div class=\"elementor-container elementor-column-gap-no\">\n\t\t\t\t\t<div class=\"elementor-column elementor-col-100 elementor-top-column elementor-element elementor-element-4a063a5\" data-id=\"4a063a5\" data-element_type=\"column\" data-e-type=\"column\">\n\t\t\t<div class=\"elementor-widget-wrap elementor-element-populated\">\n\t\t\t\t\t\t<section class=\"elementor-section elementor-inner-section elementor-element elementor-element-a3b7d37 elementor-section-full_width elementor-section-height-default elementor-section-height-default\" data-id=\"a3b7d37\" data-element_type=\"section\" data-e-type=\"section\">\n\t\t\t\t\t\t<div class=\"elementor-container elementor-column-gap-no\">\n\t\t\t\t\t<div class=\"elementor-column elementor-col-100 elementor-inner-column elementor-element elementor-element-c3af0f1\" data-id=\"c3af0f1\" data-element_type=\"column\" data-e-type=\"column\" data-settings=\"{&quot;background_background&quot;:&quot;classic&quot;}\">\n\t\t\t<div class=\"elementor-widget-wrap elementor-element-populated\">\n\t\t\t\t\t\t<div class=\"elementor-element elementor-element-fa65bce elementor-widget elementor-widget-rufferctawidget\" data-id=\"fa65bce\" data-element_type=\"widget\" data-e-type=\"widget\" data-widget_type=\"rufferctawidget.default\">\n\t\t\t\t<div class=\"elementor-widget-container\">\n\t\t\t\t\t<div class=\"footer-top\"><div class=\"row align-items-center justify-content-between\"><div class=\"col-xl-auto col-lg-7\"><div class=\"title-area mb-lg-0 text-lg-start text-center\"><span class=\"sub-title style2 text-white\">Besoin d'aide pour votre chantier ?<\/span><h2 class=\"sec-title text-white mb-0\">Contactez-nous pour toute demande<\/h2><\/div><\/div><div class=\"col-xl-auto col-lg-4 text-center\"><a href=\"https:\/\/laguillon.fr\/siteweb\/contact\/\" class=\"th-btn style2\">Contactez-nous<i class=\"fa-regular fa-arrow-right ms-2\"><\/i><\/a><\/div><\/div><\/div><!-----------------------End Contact Form----------------------->\t\t\t\t<\/div>\n\t\t\t\t<\/div>\n\t\t\t\t\t<\/div>\n\t\t<\/div>\n\t\t\t\t\t<\/div>\n\t\t<\/section>\n\t\t\t\t\t<\/div>\n\t\t<\/div>\n\t\t\t\t\t<\/div>\n\t\t<\/section>\n\t\t\t\t<\/div>\n\t\t","protected":false},"excerpt":{"rendered":"<p>+ de 32 ans d\u2019exp\u00e9rience Notre entreprise familiale de BTP met tout en \u0153uvre pour satisfaire notre client\u00e8le. Savoir faire in\u00e9gal\u00e9 1\u00e8re entreprise de Dordogne \u00e0 avoir utilis\u00e9 la brique dite \u00ab Monomur \u00bb &#8211; performantes pour l&#039;isolation. Solutions cl\u00e9 en main Nous travaillons en partenariat avec des entreprises locales pour offrir des solutions cl\u00e9&#8230;<\/p>\n","protected":false},"author":1,"featured_media":0,"parent":0,"menu_order":0,"comment_status":"closed","ping_status":"closed","template":"template-builder.php","meta":{"_monsterinsights_skip_tracking":false,"_monsterinsights_sitenote_active":false,"_monsterinsights_sitenote_note":"","_monsterinsights_sitenote_category":0,"footnotes":""},"class_list":["post-20","page","type-page","status-publish","hentry"],"aioseo_notices":[],"jetpack_sharing_enabled":true,"_links":{"self":[{"href":"https:\/\/laguillon.fr\/siteweb\/wp-json\/wp\/v2\/pages\/20","targetHints":{"allow":["GET"]}}],"collection":[{"href":"https:\/\/laguillon.fr\/siteweb\/wp-json\/wp\/v2\/pages"}],"about":[{"href":"https:\/\/laguillon.fr\/siteweb\/wp-json\/wp\/v2\/types\/page"}],"author":[{"embeddable":true,"href":"https:\/\/laguillon.fr\/siteweb\/wp-json\/wp\/v2\/users\/1"}],"replies":[{"embeddable":true,"href":"https:\/\/laguillon.fr\/siteweb\/wp-json\/wp\/v2\/comments?post=20"}],"version-history":[{"count":509,"href":"https:\/\/laguillon.fr\/siteweb\/wp-json\/wp\/v2\/pages\/20\/revisions"}],"predecessor-version":[{"id":4854,"href":"https:\/\/laguillon.fr\/siteweb\/wp-json\/wp\/v2\/pages\/20\/revisions\/4854"}],"wp:attachment":[{"href":"https:\/\/laguillon.fr\/siteweb\/wp-json\/wp\/v2\/media?parent=20"}],"curies":[{"name":"wp","href":"https:\/\/api.w.org\/{rel}","templated":true}]}}